{"id":54,"date":"2016-12-20T19:56:50","date_gmt":"2016-12-20T17:56:50","guid":{"rendered":"http:\/\/dindum.net\/?page_id=54"},"modified":"2016-12-20T19:56:50","modified_gmt":"2016-12-20T17:56:50","slug":"worum-es-geht","status":"publish","type":"page","link":"http:\/\/dindum.net\/?page_id=54","title":{"rendered":"Worum es geht"},"content":{"rendered":"<p><em>&#8222;Kultur ist der\u00a0Schl\u00fcssel zu nachhaltiger Enwicklung&#8220; &#8230;<\/em><br \/>\n<em>(Hangzhou-Erkl\u00e4rung des gleichnamigen Kongresses der UNESCO, Mai 2013)<\/em><\/p>\n<p>Unsere Erfahrung und These ist: Begegnungen an Orten, an denen sich scheinbar gegens\u00e4tzliche, in \u201eWahrheit\u201c aber nur unterschiedliche, nicht ver-schiedene Kulturen erg\u00e4nzen k\u00f6nnen \u2013 wie die Kl\u00e4nge, Noten und T\u00f6ne der Musik in ihren Zirkeln und Spiralen\u00a0\u2013\u00a0sind der Schl\u00fcssel zum Gelingen von Koopera\u00adtionen und ihren \u201enachhaltigen (Weiter-)Entwick\u00adlungen\u201c. Zu einer Kultur der Kooperationen und Wettbewerbe aus dem Geist und der Natur der Zusammenspiele zwischen Individuum und Gemeinschaft \/ Innen und Au\u00dfen \/ Nord und S\u00fcd \/ Korres\u00adpondenz und Differ\u00adenz \/&#8230;, zwischen den gro\u00dfen und kleinen gemeinsamen Nennern der Elemente\/Individuen\/Kulturen\/&#8230;<\/p>\n<p><a href=\"http:\/\/dindum.net\/wp-content\/uploads\/2016\/12\/Trommler-Kreis-am-Feuer.jpg\"><img loading=\"lazy\" class=\"alignnone size-full wp-image-38\" src=\"http:\/\/dindum.net\/wp-content\/uploads\/2016\/12\/Trommler-Kreis-am-Feuer.jpg\" alt=\"\" width=\"1000\" height=\"563\" srcset=\"http:\/\/dindum.net\/wp-content\/uploads\/2016\/12\/Trommler-Kreis-am-Feuer.jpg 1000w, http:\/\/dindum.net\/wp-content\/uploads\/2016\/12\/Trommler-Kreis-am-Feuer-300x169.jpg 300w, http:\/\/dindum.net\/wp-content\/uploads\/2016\/12\/Trommler-Kreis-am-Feuer-768x432.jpg 768w\" sizes=\"(max-width: 767px) 89vw, (max-width: 1000px) 54vw, (max-width: 1071px) 543px, 580px\" \/><\/a><\/p>\n<p>&#8222;Culture is precisely what enables sustainability \u2013 as a source of strength, of values and social cohesion, self esteem and participation. Culture is our most powerful force for creativity and renewal.&#8220;<br \/>\n(Irina Bokova, Generaldirektorin der UNESCO)<\/p>\n<p><em>&#8230; und Musik ist die Universalsprache der Elemente,\u2028Individuen, Kulturen, Religionen, &#8230;<\/em><\/p>\n<p><a href=\"http:\/\/dindum.net\/wp-content\/uploads\/2016\/12\/musik-4.jpg\"><img loading=\"lazy\" class=\"alignnone size-full wp-image-25\" src=\"http:\/\/dindum.net\/wp-content\/uploads\/2016\/12\/musik-4.jpg\" alt=\"\" width=\"1000\" height=\"673\" srcset=\"http:\/\/dindum.net\/wp-content\/uploads\/2016\/12\/musik-4.jpg 1000w, http:\/\/dindum.net\/wp-content\/uploads\/2016\/12\/musik-4-300x202.jpg 300w, http:\/\/dindum.net\/wp-content\/uploads\/2016\/12\/musik-4-768x517.jpg 768w\" sizes=\"(max-width: 767px) 89vw, (max-width: 1000px) 54vw, (max-width: 1071px) 543px, 580px\" \/><\/a><br \/>\n\u00dcber die Grenzen sich bisweilen streitender und widersprechender Vor-Bestimmungen und Zugeh\u00f6rigkeiten hinweg, seien sie kultureller, ideologischer, \u201enat\u00fcrlicher\u201c oder sonstwelcher Art, ist es die Musik, die \u00bbdie Welt im Innersten zusammenh\u00e4lt\u00ab, die ihre innersten und \u00e4u\u00dfersten Enden zum Einen und Unendlichen rundet, zu jenem Ganzen Kreis, den wir \u201eUniversum\u201c nennen (w\u00f6rtlich: das In-Eins-Gewendete).<\/p>\n<p><a href=\"http:\/\/dindum.net\/wp-content\/uploads\/2016\/12\/Ahwashe-Dolchtaenzer.jpg\"><img loading=\"lazy\" class=\"alignnone size-full wp-image-18\" src=\"http:\/\/dindum.net\/wp-content\/uploads\/2016\/12\/Ahwashe-Dolchtaenzer.jpg\" alt=\"\" width=\"1920\" height=\"1080\" srcset=\"http:\/\/dindum.net\/wp-content\/uploads\/2016\/12\/Ahwashe-Dolchtaenzer.jpg 1920w, http:\/\/dindum.net\/wp-content\/uploads\/2016\/12\/Ahwashe-Dolchtaenzer-300x169.jpg 300w, http:\/\/dindum.net\/wp-content\/uploads\/2016\/12\/Ahwashe-Dolchtaenzer-768x432.jpg 768w, http:\/\/dindum.net\/wp-content\/uploads\/2016\/12\/Ahwashe-Dolchtaenzer-1024x576.jpg 1024w\" sizes=\"(max-width: 767px) 89vw, (max-width: 1000px) 54vw, (max-width: 1071px) 543px, 580px\" \/><\/a><br \/>\nDindum bietet eine Plattform f\u00fcr die Freunde der \u00bbFreundschaft\u00ab \u2013 f\u00fcr alle die, die mit Widerspr\u00fcchen und Gegens\u00e4tzen leben k\u00f6nnen und leben wollen. Die sie ebenso aufl\u00f6sen, \u00fcberwinden und verbinden \u2013, wie auch wahren, achten und respektieren k\u00f6nnen. F\u00fcr die, die das Abenteuer auf sich nehmen wollen, in Erfahrung zu bringen, was es mit den allzuoft blo\u00df frommen und wohlfeilen Reden von der \u201eAchtung\u201c, dem \u201eRespekt\u201c und einer angeblichen W\u00fcrde des Menschlichen wirklich auf sich hat \u2013, ob dies nur hohle Floskeln sind, oder ob sie wirklich irgendeine Bedeutung, G\u00fcltigkeit und Verbindlichkeit f\u00fcr uns haben.<br \/>\nKurz: f\u00fcr all die \u201eborderliner\u201c dieser Welt, die in ihr entlang irgendwelcher Grenzen leben m\u00fcssen- k\u00f6nnen- wollen.<br \/>\nWie alles im wirklichen Leben hat auch diese Plattform zwei Seiten, eine theoretische und eine praktische.<\/p>\n<p>Die theoretische bzw. virtuelle dient der Auseinandersetzung und Er\u00f6rterung, dem Austausch und durchaus auch Streit \u00fcber die &#8222;Wahre&#8220; Freundschaft,<br \/>\ndie praktische den Umsetzungen in konkrete Vorhaben oder Projekte.<\/p>\n<p>Hier k\u00f6nnen sich [z.B.] Erfahrungen mit und Geschichten \u00fcber \u00bbFreundschaft\u00ab, best-practice-Projekte und beispielhafte Freundschaften vorstellen und von hier aus in die Welt hinaus, in die Wirklichkeit hinein entwickeln, erproben und verbreiten.<br \/>\nWir, die Freunde dieses Instruments der V\u00f6lkerverst\u00e4ndigung, f\u00fchlen- glauben- denken, dass die Musik ein Modell sein k\u00f6nnte f\u00fcr die Freundschaft eben nicht nur in ihrer privaten, sondern vor allem auch politischen und kulturellen Dimension und Bedeutung. Weil sie wie kein anderes Ph\u00e4nomen der Natur und des Geistes f\u00fcr jeden, der h\u00f6ren und sehen will, h\u00f6r- und sichtbar machen kann, dass sie selbst nichts anderes ist als das Zusammenspiel der sie konstituierenden Gegens\u00e4tze und nicht etwa ihre \u00dcberwindung, Ausschaltung oder Vernichtung (nach dem h\u00f6chsten Gesetz der formalen Logik oder \u201ereinen Vernunft\u201c: dem \u201eSatz vom zu vermeidenden Widerspruch\u201c).<\/p>\n","protected":false},"excerpt":{"rendered":"<p>&#8222;Kultur ist der\u00a0Schl\u00fcssel zu nachhaltiger Enwicklung&#8220; &#8230; (Hangzhou-Erkl\u00e4rung des gleichnamigen Kongresses der UNESCO, Mai 2013) Unsere Erfahrung und These ist: Begegnungen an Orten, an denen sich scheinbar gegens\u00e4tzliche, in \u201eWahrheit\u201c aber nur unterschiedliche, nicht ver-schiedene Kulturen erg\u00e4nzen k\u00f6nnen \u2013 wie die Kl\u00e4nge, Noten und T\u00f6ne der Musik in ihren Zirkeln und Spiralen\u00a0\u2013\u00a0sind der Schl\u00fcssel zum &hellip; <\/p>\n<p class=\"link-more\"><a href=\"http:\/\/dindum.net\/?page_id=54\" class=\"more-link\"><span class=\"screen-reader-text\">\u201eWorum es geht\u201c<\/span> weiterlesen<\/a><\/p>\n","protected":false},"author":2,"featured_media":0,"parent":0,"menu_order":0,"comment_status":"closed","ping_status":"closed","template":"","meta":[],"_links":{"self":[{"href":"http:\/\/dindum.net\/index.php?rest_route=\/wp\/v2\/pages\/54"}],"collection":[{"href":"http:\/\/dindum.net\/index.php?rest_route=\/wp\/v2\/pages"}],"about":[{"href":"http:\/\/dindum.net\/index.php?rest_route=\/wp\/v2\/types\/page"}],"author":[{"embeddable":true,"href":"http:\/\/dindum.net\/index.php?rest_route=\/wp\/v2\/users\/2"}],"replies":[{"embeddable":true,"href":"http:\/\/dindum.net\/index.php?rest_route=%2Fwp%2Fv2%2Fcomments&post=54"}],"version-history":[{"count":1,"href":"http:\/\/dindum.net\/index.php?rest_route=\/wp\/v2\/pages\/54\/revisions"}],"predecessor-version":[{"id":55,"href":"http:\/\/dindum.net\/index.php?rest_route=\/wp\/v2\/pages\/54\/revisions\/55"}],"wp:attachment":[{"href":"http:\/\/dindum.net\/index.php?rest_route=%2Fwp%2Fv2%2Fmedia&parent=54"}],"curies":[{"name":"wp","href":"https:\/\/api.w.org\/{rel}","templated":true}]}}