{"id":72,"date":"2017-04-06T11:10:40","date_gmt":"2017-04-06T09:10:40","guid":{"rendered":"http:\/\/dindum.net\/?page_id=72"},"modified":"2017-04-06T11:33:09","modified_gmt":"2017-04-06T09:33:09","slug":"impressum","status":"publish","type":"page","link":"http:\/\/dindum.net\/?page_id=72","title":{"rendered":"Impressum"},"content":{"rendered":"<p>Betreiber der Webseite: <strong>DINDUM Kultur-Kommunikation e.V.<\/strong><\/p>\n<p>Postadresse:<br \/>\nHauptstr. 48<br \/>\nD-57610\u00a0Ingelbach<br \/>\nTel:+49 (0) 26 88-98 87\u00a038<\/p>\n<p>eingetragen im Vereinsregister Amtsgericht Montabaur Registerblatt VR 20487 Web: www.dindum.com e-mail: info@dindum.com<\/p>\n<p>DINDUM-Vorstand: J\u00f6rg Schulz, Norbert Dennig, Erika Gondorf<\/p>\n<p>Die Informationen und sonstigen Angaben auf den Webseiten von DDKK e.V. sind unverbindlich und unterliegen dem Vorbehalt der jederzeitigen \u00c4nderung. Mit ihnen erfolgt weder ein Vertragsangebot noch wird mit ihnen eine vertragliche Leistung erbracht.<\/p>\n<p>\u00a92017<\/p>\n<p>Die Haftung von\u00a0DINDUM e.V. f\u00fcr die Richtigkeit und Vollst\u00e4ndigkeit ist in F\u00e4llen leichter Fahrl\u00e4ssigkeit ausgeschlossen. Bei den angelinkten Seiten handelt es sich ausschlie\u00dflich um fremde Inhalte.\u00a0DINDUM e.V. erkl\u00e4rt ausdr\u00fccklich, keinerlei Einfluss auf die Gestaltung und Inhalte der verlinkten Seiten zu haben und distanziert sich ausdr\u00fccklich von allen Inhalten derjenigen Seiten, welche durch Hyperlinks mit den Seiten von\u00a0DINDUM e.V. verkn\u00fcpft sind.\u00a0DINDUM e.V. macht sich die verlinkten Inhalte nicht zu eigen und \u00fcbernimmt hierf\u00fcr keinerlei Verantwortung.<\/p>\n<p><strong>Gestaltung der Internetseite:<\/strong> Grafik: Creative Informatics \u00a0Axel Weigend <strong>Text und Fotos:<\/strong> Norbert Dennig, Manfred Fahnert, J\u00f6rg Schulz <strong>\u00dcbersetzung:<\/strong> Nadja Michels<\/p>\n<p>Verantwortlich f\u00fcr\u00a0den Inhalt:\u00a0J\u00f6rg Schulz<\/p>\n","protected":false},"excerpt":{"rendered":"<p>Betreiber der Webseite: DINDUM Kultur-Kommunikation e.V. Postadresse: Hauptstr. 48 D-57610\u00a0Ingelbach Tel:+49 (0) 26 88-98 87\u00a038 eingetragen im Vereinsregister Amtsgericht Montabaur Registerblatt VR 20487 Web: www.dindum.com e-mail: info@dindum.com DINDUM-Vorstand: J\u00f6rg Schulz, Norbert Dennig, Erika Gondorf Die Informationen und sonstigen Angaben auf den Webseiten von DDKK e.V. sind unverbindlich und unterliegen dem Vorbehalt der jederzeitigen \u00c4nderung. Mit &hellip; <\/p>\n<p class=\"link-more\"><a href=\"http:\/\/dindum.net\/?page_id=72\" class=\"more-link\"><span class=\"screen-reader-text\">\u201eImpressum\u201c<\/span> weiterlesen<\/a><\/p>\n","protected":false},"author":1,"featured_media":0,"parent":0,"menu_order":0,"comment_status":"closed","ping_status":"closed","template":"","meta":[],"_links":{"self":[{"href":"http:\/\/dindum.net\/index.php?rest_route=\/wp\/v2\/pages\/72"}],"collection":[{"href":"http:\/\/dindum.net\/index.php?rest_route=\/wp\/v2\/pages"}],"about":[{"href":"http:\/\/dindum.net\/index.php?rest_route=\/wp\/v2\/types\/page"}],"author":[{"embeddable":true,"href":"http:\/\/dindum.net\/index.php?rest_route=\/wp\/v2\/users\/1"}],"replies":[{"embeddable":true,"href":"http:\/\/dindum.net\/index.php?rest_route=%2Fwp%2Fv2%2Fcomments&post=72"}],"version-history":[{"count":5,"href":"http:\/\/dindum.net\/index.php?rest_route=\/wp\/v2\/pages\/72\/revisions"}],"predecessor-version":[{"id":79,"href":"http:\/\/dindum.net\/index.php?rest_route=\/wp\/v2\/pages\/72\/revisions\/79"}],"wp:attachment":[{"href":"http:\/\/dindum.net\/index.php?rest_route=%2Fwp%2Fv2%2Fmedia&parent=72"}],"curies":[{"name":"wp","href":"https:\/\/api.w.org\/{rel}","templated":true}]}}