{"id":88,"date":"2020-03-09T14:49:46","date_gmt":"2020-03-09T12:49:46","guid":{"rendered":"http:\/\/dindum.net\/?page_id=88"},"modified":"2020-03-09T14:55:55","modified_gmt":"2020-03-09T12:55:55","slug":"partner","status":"publish","type":"page","link":"http:\/\/dindum.net\/?page_id=88","title":{"rendered":"Partner"},"content":{"rendered":"\n<p>TH-K\u00f6ln<\/p>\n\n\n\n<p>Hochschule f\u00fcr Musik und Tanz, K\u00f6ln<\/p>\n\n\n\n<p>Jade Hochschule, Oldenburg<\/p>\n\n\n\n<p> Facult\u00e9 Polydisciplinaire de Ouarzazate (MA)<\/p>\n\n\n\n<p>Universit\u00e9 Moulay Ismail d&#8217;Errachidia (MA)<\/p>\n\n\n\n<p>Association Tafilalet in D\u00fcsseldorf<\/p>\n\n\n\n<p>Sevengardens e.V. Essen<\/p>\n\n\n\n<p>Association La Paix de Culture et de D\u00e9velopement, Agdz (MA)<\/p>\n\n\n\n<p>Kooperative\u00a0 der Frauen von Tissergat (MA)<\/p>\n\n\n\n<p>Organisationskommitee Nationales Ahwach-Festival; Ouarzazate (MA) <\/p>\n\n\n\n<p><\/p>\n","protected":false},"excerpt":{"rendered":"<p>TH-K\u00f6ln Hochschule f\u00fcr Musik und Tanz, K\u00f6ln Jade Hochschule, Oldenburg Facult\u00e9 Polydisciplinaire de Ouarzazate (MA) Universit\u00e9 Moulay Ismail d&#8217;Errachidia (MA) Association Tafilalet in D\u00fcsseldorf Sevengardens e.V. Essen Association La Paix de Culture et de D\u00e9velopement, Agdz (MA) Kooperative\u00a0 der Frauen von Tissergat (MA) Organisationskommitee Nationales Ahwach-Festival; Ouarzazate (MA)<\/p>\n","protected":false},"author":1,"featured_media":0,"parent":0,"menu_order":0,"comment_status":"closed","ping_status":"closed","template":"","meta":[],"_links":{"self":[{"href":"http:\/\/dindum.net\/index.php?rest_route=\/wp\/v2\/pages\/88"}],"collection":[{"href":"http:\/\/dindum.net\/index.php?rest_route=\/wp\/v2\/pages"}],"about":[{"href":"http:\/\/dindum.net\/index.php?rest_route=\/wp\/v2\/types\/page"}],"author":[{"embeddable":true,"href":"http:\/\/dindum.net\/index.php?rest_route=\/wp\/v2\/users\/1"}],"replies":[{"embeddable":true,"href":"http:\/\/dindum.net\/index.php?rest_route=%2Fwp%2Fv2%2Fcomments&post=88"}],"version-history":[{"count":2,"href":"http:\/\/dindum.net\/index.php?rest_route=\/wp\/v2\/pages\/88\/revisions"}],"predecessor-version":[{"id":94,"href":"http:\/\/dindum.net\/index.php?rest_route=\/wp\/v2\/pages\/88\/revisions\/94"}],"wp:attachment":[{"href":"http:\/\/dindum.net\/index.php?rest_route=%2Fwp%2Fv2%2Fmedia&parent=88"}],"curies":[{"name":"wp","href":"https:\/\/api.w.org\/{rel}","templated":true}]}}